{"id":34,"date":"2015-07-14T10:52:34","date_gmt":"2015-07-14T10:52:34","guid":{"rendered":"http:\/\/iszipecs.hu\/wpiszipecs\/?page_id=34"},"modified":"2024-10-01T06:53:27","modified_gmt":"2024-10-01T06:53:27","slug":"forum","status":"publish","type":"page","link":"http:\/\/iszipecs.hu\/wpiszipecs\/?page_id=34","title":{"rendered":"Amit biztos\u00edtunk"},"content":{"rendered":"\n<p><a href=\"http:\/\/iszipecs.hu\/wpiszipecs\/?page_id=77\">Id\u0151sek Otthona &#8211; Zipernowsky K. u. 1.<\/a><\/p>\n\n\n\n<p><a href=\"http:\/\/iszipecs.hu\/wpiszipecs\/?page_id=81\">Id\u0151sek Otthona &#8211; T\u00fcz\u00e9r u. 7. <\/a><\/p>\n\n\n\n<p><a href=\"http:\/\/iszipecs.hu\/wpiszipecs\/?page_id=506\">Foglalkoz\u00e1saink<\/a><\/p>\n","protected":false},"excerpt":{"rendered":"<p>Id\u0151sek Otthona &#8211; Zipernowsky K. u. 1. Id\u0151sek Otthona &#8211; T\u00fcz\u00e9r u. 7. Foglalkoz\u00e1saink<\/p>\n","protected":false},"author":1,"featured_media":0,"parent":0,"menu_order":4,"comment_status":"closed","ping_status":"closed","template":"","meta":[],"_links":{"self":[{"href":"http:\/\/iszipecs.hu\/wpiszipecs\/index.php?rest_route=\/wp\/v2\/pages\/34"}],"collection":[{"href":"http:\/\/iszipecs.hu\/wpiszipecs\/index.php?rest_route=\/wp\/v2\/pages"}],"about":[{"href":"http:\/\/iszipecs.hu\/wpiszipecs\/index.php?rest_route=\/wp\/v2\/types\/page"}],"author":[{"embeddable":true,"href":"http:\/\/iszipecs.hu\/wpiszipecs\/index.php?rest_route=\/wp\/v2\/users\/1"}],"replies":[{"embeddable":true,"href":"http:\/\/iszipecs.hu\/wpiszipecs\/index.php?rest_route=%2Fwp%2Fv2%2Fcomments&post=34"}],"version-history":[{"count":29,"href":"http:\/\/iszipecs.hu\/wpiszipecs\/index.php?rest_route=\/wp\/v2\/pages\/34\/revisions"}],"predecessor-version":[{"id":1231,"href":"http:\/\/iszipecs.hu\/wpiszipecs\/index.php?rest_route=\/wp\/v2\/pages\/34\/revisions\/1231"}],"wp:attachment":[{"href":"http:\/\/iszipecs.hu\/wpiszipecs\/index.php?rest_route=%2Fwp%2Fv2%2Fmedia&parent=34"}],"curies":[{"name":"wp","href":"https:\/\/api.w.org\/{rel}","templated":true}]}}