{"id":456,"date":"2017-09-28T06:33:17","date_gmt":"2017-09-28T06:33:17","guid":{"rendered":"http:\/\/iszipecs.hu\/wpiszipecs\/?page_id=456"},"modified":"2023-06-06T12:33:56","modified_gmt":"2023-06-06T12:33:56","slug":"rendezvenyeinkprogramjaink","status":"publish","type":"page","link":"http:\/\/iszipecs.hu\/wpiszipecs\/?page_id=456","title":{"rendered":"Rendezv\u00e9nyeink\/Programjaink"},"content":{"rendered":"<div style=\"text-align: center;\">Botanikus Kerti kir\u00e1ndul\u00e1s 2020<\/div>\n<div style=\"text-align: center;\"><\/div>\n<div style=\"text-align: center;\">K\u00f6sz\u00f6nj\u00fck sz\u00e9pen a PTE Botanikus Kert vezet\u0151s\u00e9g\u00e9nek \u00e9s munkat\u00e1rsainak, hogy ez a fantasztikus kir\u00e1ndul\u00e1s megval\u00f3sulhatott .<\/div>\n<div style=\"text-align: center;\">\u00a0<a href=\"http:\/\/iszipecs.hu\/wpiszipecs\/wp-content\/uploads\/2020\/08\/kert1_0.jpg\"><img decoding=\"async\" loading=\"lazy\" class=\"alignnone wp-image-821 size-medium\" src=\"http:\/\/iszipecs.hu\/wpiszipecs\/wp-content\/uploads\/2020\/08\/kert1_0-225x300.jpg\" alt=\"PTE Botanikus kert\" width=\"225\" height=\"300\" srcset=\"http:\/\/iszipecs.hu\/wpiszipecs\/wp-content\/uploads\/2020\/08\/kert1_0-225x300.jpg 225w, http:\/\/iszipecs.hu\/wpiszipecs\/wp-content\/uploads\/2020\/08\/kert1_0-230x307.jpg 230w, http:\/\/iszipecs.hu\/wpiszipecs\/wp-content\/uploads\/2020\/08\/kert1_0.jpg 480w\" sizes=\"(max-width: 225px) 100vw, 225px\" \/><\/a><\/div>\n<div style=\"text-align: center;\">\u00a0\u00a0<a href=\"https:\/\/botanikuskert.pte.hu\/\" target=\"_blank\" rel=\"noopener\" data-saferedirecturl=\"https:\/\/www.google.com\/url?q=https:\/\/botanikuskert.pte.hu\/&amp;source=gmail&amp;ust=1597737367358000&amp;usg=AFQjCNGe8iR0tM0BXGskUqAA-a0u2gfUAQ\">https:\/\/botanikuskert.pte.hu\/<\/a><\/div>\n<div style=\"text-align: center;\"><\/div>\n<hr \/>\n<p style=\"font-weight: 400; text-align: center;\">Kar\u00e1csonyi Fot\u00f3z\u00e1s 2017<\/p>\n<p style=\"font-weight: 400; text-align: center;\">2017.11.02-\u00e1n Int\u00e9zm\u00e9ny\u00fcnk mindk\u00e9t telephely\u00e9n Kar\u00e1csonyi fot\u00f3z\u00e1s volt az id\u0151s lak\u00f3inknak.<\/p>\n<p style=\"font-weight: 400; text-align: center;\">A f\u00e9nyk\u00e9peket R\u00e9dl-Kuti Judit a J-Moments st\u00fadi\u00f3 profi fot\u00f3sa k\u00e9sz\u00edtette.<\/p>\n<p style=\"font-weight: 400; text-align: center;\">Egy igaz\u00e1n j\u00f3 hangulat\u00fa fot\u00f3z\u00e1s, amit mind id\u0151seink, mind a munkat\u00e1rsaink nagyon \u00e9lveztek.<\/p>\n<p style=\"font-weight: 400; text-align: center;\">Ez\u00faton is h\u00e1l\u00e1san k\u00f6sz\u00f6nj\u00fck Jucinak \u00e9s Karesznak, hogy karitat\u00edv jelleggel v\u00e1llalt\u00e1k a fot\u00f3z\u00e1st.<\/p>\n<p style=\"font-weight: 400; text-align: center;\"><a href=\"http:\/\/www.j-moments.hu\/\" data-saferedirecturl=\"https:\/\/www.google.com\/url?hl=hu&amp;q=http:\/\/www.j-moments.hu\/&amp;source=gmail&amp;ust=1510834030868000&amp;usg=AFQjCNFsCT3rLSyhR6IPuqU0IxL-7ztAoA\">http:\/\/www.j-moments.hu\/<\/a><\/p>\n<p style=\"text-align: center;\"><a href=\"http:\/\/iszipecs.hu\/wpiszipecs\/wp-content\/uploads\/2017\/11\/received_2112930132066509.jpeg\"><img decoding=\"async\" loading=\"lazy\" class=\"alignnone wp-image-537 size-medium\" src=\"http:\/\/iszipecs.hu\/wpiszipecs\/wp-content\/uploads\/2017\/11\/received_2112930132066509-225x300.jpeg\" alt=\"Kar\u00e1csonyi Fot\u00f3z\u00e1s 2017\" width=\"225\" height=\"300\" srcset=\"http:\/\/iszipecs.hu\/wpiszipecs\/wp-content\/uploads\/2017\/11\/received_2112930132066509-225x300.jpeg 225w, http:\/\/iszipecs.hu\/wpiszipecs\/wp-content\/uploads\/2017\/11\/received_2112930132066509-768x1024.jpeg 768w, http:\/\/iszipecs.hu\/wpiszipecs\/wp-content\/uploads\/2017\/11\/received_2112930132066509-830x1107.jpeg 830w, http:\/\/iszipecs.hu\/wpiszipecs\/wp-content\/uploads\/2017\/11\/received_2112930132066509-550x733.jpeg 550w, http:\/\/iszipecs.hu\/wpiszipecs\/wp-content\/uploads\/2017\/11\/received_2112930132066509-230x307.jpeg 230w, http:\/\/iszipecs.hu\/wpiszipecs\/wp-content\/uploads\/2017\/11\/received_2112930132066509.jpeg 1536w\" sizes=\"(max-width: 225px) 100vw, 225px\" \/><\/a><\/p>\n<p style=\"text-align: center;\">\n<p style=\"text-align: center;\">\n","protected":false},"excerpt":{"rendered":"<p>Botanikus Kerti kir\u00e1ndul\u00e1s 2020 K\u00f6sz\u00f6nj\u00fck sz\u00e9pen a PTE Botanikus Kert vezet\u0151s\u00e9g\u00e9nek \u00e9s munkat\u00e1rsainak, hogy ez a fantasztikus kir\u00e1ndul\u00e1s megval\u00f3sulhatott . \u00a0 \u00a0\u00a0https:\/\/botanikuskert.pte.hu\/ [&hellip;]<\/p>\n","protected":false},"author":1,"featured_media":0,"parent":8,"menu_order":0,"comment_status":"closed","ping_status":"closed","template":"","meta":[],"_links":{"self":[{"href":"http:\/\/iszipecs.hu\/wpiszipecs\/index.php?rest_route=\/wp\/v2\/pages\/456"}],"collection":[{"href":"http:\/\/iszipecs.hu\/wpiszipecs\/index.php?rest_route=\/wp\/v2\/pages"}],"about":[{"href":"http:\/\/iszipecs.hu\/wpiszipecs\/index.php?rest_route=\/wp\/v2\/types\/page"}],"author":[{"embeddable":true,"href":"http:\/\/iszipecs.hu\/wpiszipecs\/index.php?rest_route=\/wp\/v2\/users\/1"}],"replies":[{"embeddable":true,"href":"http:\/\/iszipecs.hu\/wpiszipecs\/index.php?rest_route=%2Fwp%2Fv2%2Fcomments&post=456"}],"version-history":[{"count":19,"href":"http:\/\/iszipecs.hu\/wpiszipecs\/index.php?rest_route=\/wp\/v2\/pages\/456\/revisions"}],"predecessor-version":[{"id":1180,"href":"http:\/\/iszipecs.hu\/wpiszipecs\/index.php?rest_route=\/wp\/v2\/pages\/456\/revisions\/1180"}],"up":[{"embeddable":true,"href":"http:\/\/iszipecs.hu\/wpiszipecs\/index.php?rest_route=\/wp\/v2\/pages\/8"}],"wp:attachment":[{"href":"http:\/\/iszipecs.hu\/wpiszipecs\/index.php?rest_route=%2Fwp%2Fv2%2Fmedia&parent=456"}],"curies":[{"name":"wp","href":"https:\/\/api.w.org\/{rel}","templated":true}]}}