{"id":458,"date":"2017-09-28T06:33:00","date_gmt":"2017-09-28T06:33:00","guid":{"rendered":"http:\/\/iszipecs.hu\/wpiszipecs\/?page_id=458"},"modified":"2023-01-04T10:03:09","modified_gmt":"2023-01-04T10:03:09","slug":"esemenyeink","status":"publish","type":"page","link":"http:\/\/iszipecs.hu\/wpiszipecs\/?page_id=458","title":{"rendered":"Esem\u00e9nyeink"},"content":{"rendered":"<p style=\"text-align: center;\">\n<p style=\"text-align: center;\">\n<p style=\"text-align: center;\">Int\u00e9zm\u00e9ny\u00fcnk sz\u00ednes \u00e9s tartalmas m\u0171sorral \u00fcnnepelte fenn\u00e1ll\u00e1s\u00e1nak 25. \u00e9vfordul\u00f3j\u00e1t.<\/p>\n<p style=\"text-align: center;\"><a href=\"http:\/\/iszipecs.hu\/wpiszipecs\/wp-content\/uploads\/2015\/09\/IMG_2326.jpg\"><img decoding=\"async\" loading=\"lazy\" class=\"alignnone size-medium wp-image-155 aligncenter\" src=\"http:\/\/iszipecs.hu\/wpiszipecs\/wp-content\/uploads\/2015\/09\/IMG_2326-300x225.jpg\" alt=\"IMG_2326\" width=\"300\" height=\"225\" srcset=\"http:\/\/iszipecs.hu\/wpiszipecs\/wp-content\/uploads\/2015\/09\/IMG_2326-300x225.jpg 300w, http:\/\/iszipecs.hu\/wpiszipecs\/wp-content\/uploads\/2015\/09\/IMG_2326-1024x768.jpg 1024w, http:\/\/iszipecs.hu\/wpiszipecs\/wp-content\/uploads\/2015\/09\/IMG_2326-830x623.jpg 830w, http:\/\/iszipecs.hu\/wpiszipecs\/wp-content\/uploads\/2015\/09\/IMG_2326-550x413.jpg 550w, http:\/\/iszipecs.hu\/wpiszipecs\/wp-content\/uploads\/2015\/09\/IMG_2326-230x173.jpg 230w\" sizes=\"(max-width: 300px) 100vw, 300px\" \/><\/a><\/p>\n<hr \/>\n<p style=\"text-align: center;\">\n<p style=\"text-align: center;\">\n","protected":false},"excerpt":{"rendered":"<p>Int\u00e9zm\u00e9ny\u00fcnk sz\u00ednes \u00e9s tartalmas m\u0171sorral \u00fcnnepelte fenn\u00e1ll\u00e1s\u00e1nak 25. \u00e9vfordul\u00f3j\u00e1t.<\/p>\n","protected":false},"author":1,"featured_media":0,"parent":8,"menu_order":0,"comment_status":"closed","ping_status":"closed","template":"","meta":[],"_links":{"self":[{"href":"http:\/\/iszipecs.hu\/wpiszipecs\/index.php?rest_route=\/wp\/v2\/pages\/458"}],"collection":[{"href":"http:\/\/iszipecs.hu\/wpiszipecs\/index.php?rest_route=\/wp\/v2\/pages"}],"about":[{"href":"http:\/\/iszipecs.hu\/wpiszipecs\/index.php?rest_route=\/wp\/v2\/types\/page"}],"author":[{"embeddable":true,"href":"http:\/\/iszipecs.hu\/wpiszipecs\/index.php?rest_route=\/wp\/v2\/users\/1"}],"replies":[{"embeddable":true,"href":"http:\/\/iszipecs.hu\/wpiszipecs\/index.php?rest_route=%2Fwp%2Fv2%2Fcomments&post=458"}],"version-history":[{"count":10,"href":"http:\/\/iszipecs.hu\/wpiszipecs\/index.php?rest_route=\/wp\/v2\/pages\/458\/revisions"}],"predecessor-version":[{"id":1077,"href":"http:\/\/iszipecs.hu\/wpiszipecs\/index.php?rest_route=\/wp\/v2\/pages\/458\/revisions\/1077"}],"up":[{"embeddable":true,"href":"http:\/\/iszipecs.hu\/wpiszipecs\/index.php?rest_route=\/wp\/v2\/pages\/8"}],"wp:attachment":[{"href":"http:\/\/iszipecs.hu\/wpiszipecs\/index.php?rest_route=%2Fwp%2Fv2%2Fmedia&parent=458"}],"curies":[{"name":"wp","href":"https:\/\/api.w.org\/{rel}","templated":true}]}}