{"id":476,"date":"2017-09-28T07:39:55","date_gmt":"2017-09-28T07:39:55","guid":{"rendered":"http:\/\/iszipecs.hu\/wpiszipecs\/?page_id=476"},"modified":"2026-03-20T08:48:44","modified_gmt":"2026-03-20T08:48:44","slug":"rendezvenyeink","status":"publish","type":"page","link":"http:\/\/iszipecs.hu\/wpiszipecs\/?page_id=476","title":{"rendered":"Let\u00f6lthet\u0151 nyomtatv\u00e1nyok!"},"content":{"rendered":"<p style=\"text-align: left;\"><strong>Az al\u00e1bbi nyomtatv\u00e1nyok k\u00f6z\u00fcl v\u00e1laszthat:<\/strong><\/p>\n<p><a href=\"http:\/\/iszipecs.hu\/wpiszipecs\/wp-content\/uploads\/2016\/06\/page_white_acrobat.png\"><img decoding=\"async\" loading=\"lazy\" class=\"alignleft size-full wp-image-249\" src=\"http:\/\/iszipecs.hu\/wpiszipecs\/wp-content\/uploads\/2016\/06\/page_white_acrobat.png\" alt=\"\" width=\"32\" height=\"32\" \/><\/a><a href=\"http:\/\/iszipecs.hu\/wpiszipecs\/wp-content\/uploads\/2026\/03\/kerelemcsomag-Vegleges-otthon-2026-uj.pdf\">k\u00e9relemcsomag &#8211; V\u00e9gleges otthon<\/a><\/p>\n<p>(A k\u00e9relmez\u0151nek P\u00e9csi lakc\u00edmmel kell rendelkeznie, vagy P\u00e9csi tart\u00f3zkod\u00e1si hellyel.)<\/p>\n<p>Amennyiben mindk\u00e9t Id\u0151sek otthon\u00e1ba szeretn\u00e9k beadni a jelentkez\u00e9s\u00fcket, \u00fagy k\u00e9t nyomtatv\u00e1nyt kell kit\u00f6lteni! (eredeti p\u00e9ld\u00e1nyban, k\u00e9k tollal)<\/p>\n<div><\/div>\n","protected":false},"excerpt":{"rendered":"<p>Az al\u00e1bbi nyomtatv\u00e1nyok k\u00f6z\u00fcl v\u00e1laszthat: k\u00e9relemcsomag &#8211; V\u00e9gleges otthon (A k\u00e9relmez\u0151nek P\u00e9csi lakc\u00edmmel kell rendelkeznie, vagy P\u00e9csi tart\u00f3zkod\u00e1si hellyel.) Amennyiben mindk\u00e9t Id\u0151sek [&hellip;]<\/p>\n","protected":false},"author":1,"featured_media":0,"parent":0,"menu_order":0,"comment_status":"closed","ping_status":"closed","template":"","meta":[],"_links":{"self":[{"href":"http:\/\/iszipecs.hu\/wpiszipecs\/index.php?rest_route=\/wp\/v2\/pages\/476"}],"collection":[{"href":"http:\/\/iszipecs.hu\/wpiszipecs\/index.php?rest_route=\/wp\/v2\/pages"}],"about":[{"href":"http:\/\/iszipecs.hu\/wpiszipecs\/index.php?rest_route=\/wp\/v2\/types\/page"}],"author":[{"embeddable":true,"href":"http:\/\/iszipecs.hu\/wpiszipecs\/index.php?rest_route=\/wp\/v2\/users\/1"}],"replies":[{"embeddable":true,"href":"http:\/\/iszipecs.hu\/wpiszipecs\/index.php?rest_route=%2Fwp%2Fv2%2Fcomments&post=476"}],"version-history":[{"count":17,"href":"http:\/\/iszipecs.hu\/wpiszipecs\/index.php?rest_route=\/wp\/v2\/pages\/476\/revisions"}],"predecessor-version":[{"id":1323,"href":"http:\/\/iszipecs.hu\/wpiszipecs\/index.php?rest_route=\/wp\/v2\/pages\/476\/revisions\/1323"}],"wp:attachment":[{"href":"http:\/\/iszipecs.hu\/wpiszipecs\/index.php?rest_route=%2Fwp%2Fv2%2Fmedia&parent=476"}],"curies":[{"name":"wp","href":"https:\/\/api.w.org\/{rel}","templated":true}]}}