{"id":488,"date":"2017-09-28T07:57:37","date_gmt":"2017-09-28T07:57:37","guid":{"rendered":"http:\/\/iszipecs.hu\/wpiszipecs\/?page_id=488"},"modified":"2026-04-29T11:19:14","modified_gmt":"2026-04-29T11:19:14","slug":"jo-tudni","status":"publish","type":"page","link":"http:\/\/iszipecs.hu\/wpiszipecs\/?page_id=488","title":{"rendered":"J\u00f3 tudni!"},"content":{"rendered":"<hr \/>\n<h1 style=\"text-align: center;\"><\/h1>\n<h2 style=\"text-align: center;\"><strong>Tisztelt Hozz\u00e1tartoz\u00f3k!<\/strong><\/h2>\n<h3 style=\"text-align: left;\"><\/h3>\n<h2 style=\"text-align: center;\"><strong>Az int\u00e9zm\u00e9nyeinkben lak\u00f3k l\u00e1togat\u00e1sa.<\/strong><\/h2>\n<h1 style=\"text-align: center;\">L\u00e1togat\u00e1si id\u0151:<\/h1>\n<h2 style=\"text-align: center;\">Zipernowsky K. u. 1<\/h2>\n<h2 style=\"text-align: center;\">9:00-18:00<\/h2>\n<h2 style=\"text-align: center;\">T\u00fcz\u00e9r u. 7:<\/h2>\n<h2 style=\"text-align: center;\">9:00-18:00<\/h2>\n<hr \/>\n<p style=\"text-align: center;\"><strong><span style=\"color: #000000;\">I<\/span><span style=\"color: #000000;\">nt\u00e9zm\u00e9nyek megtekint\u00e9se:<\/span><\/strong><\/p>\n<p style=\"text-align: center;\"><strong><span style=\"color: #000000;\">Zipernowsky K. u. 1<\/span><\/strong><\/p>\n<p style=\"text-align: center;\"><span style=\"color: #000000;\">H\u00e9tk\u00f6znapokon d\u00e9lel\u0151tt.<\/span><\/p>\n<p style=\"text-align: center;\">El\u0151zetes telefonos egyeztet\u00e9s alapj\u00e1n:<\/p>\n<p style=\"text-align: center;\">tel.: 72\/551-006\u00a0 \u00a0 \u00a030\/278 7423<\/p>\n<p style=\"text-align: center;\"><strong><span style=\"color: #000000;\">T\u00fcz\u00e9r u. 7<\/span><\/strong><\/p>\n<p style=\"text-align: center;\"><span style=\"color: #000000;\"><strong>Keddi<\/strong><\/span> napokon <strong><span style=\"color: #000000;\">13.00-15.00<\/span><\/strong>-\u00f3r\u00e1ig.<\/p>\n<p style=\"text-align: center;\">El\u0151zetes telefonos egyeztet\u00e9s alapj\u00e1n:<\/p>\n<p style=\"text-align: center;\">tel.: 30\/ 339 1769\u00a0 \u00a0 30\/ 279 8096<\/p>\n<hr \/>\n<p><img decoding=\"async\" loading=\"lazy\" class=\"alignnone wp-image-249 size-full\" src=\"http:\/\/iszipecs.hu\/wpiszipecs\/wp-content\/uploads\/2016\/06\/page_white_acrobat.png\" alt=\"PDF Dokumentum let\u00f6lt\u00e9se\" width=\"32\" height=\"32\" \/><span style=\"color: #000000;\"><a style=\"color: #000000;\" href=\"http:\/\/iszipecs.hu\/wpiszipecs\/wp-content\/uploads\/2025\/08\/Hazirend.pdf\">H\u00e1zirend<\/a><\/span><\/p>\n<p><img decoding=\"async\" loading=\"lazy\" class=\"alignnone wp-image-249 size-full\" src=\"http:\/\/iszipecs.hu\/wpiszipecs\/wp-content\/uploads\/2016\/06\/page_white_acrobat.png\" alt=\"PDF Dokumentum let\u00f6lt\u00e9se\" width=\"32\" height=\"32\" \/><span style=\"color: #000000;\"><a style=\"color: #000000;\" href=\"http:\/\/iszipecs.hu\/wpiszipecs\/wp-content\/uploads\/2025\/08\/Szakmai-Program.pdf\">Szakmai Program<\/a><\/span><\/p>\n<p><span style=\"color: #000000;\"><img decoding=\"async\" loading=\"lazy\" class=\"alignnone wp-image-249 size-full\" src=\"http:\/\/iszipecs.hu\/wpiszipecs\/wp-content\/uploads\/2016\/06\/page_white_acrobat.png\" alt=\"PDF Dokumentum let\u00f6lt\u00e9se\" width=\"32\" height=\"32\" \/><a style=\"color: #000000;\" href=\"http:\/\/iszipecs.hu\/wpiszipecs\/wp-content\/uploads\/2025\/09\/Jelentkezes-menete.pdf\">Jelentkez\u00e9s menete<\/a><\/span><\/p>\n<p><img decoding=\"async\" loading=\"lazy\" class=\"alignnone wp-image-249 size-full\" src=\"http:\/\/iszipecs.hu\/wpiszipecs\/wp-content\/uploads\/2016\/06\/page_white_acrobat.png\" alt=\"PDF Dokumentum let\u00f6lt\u00e9se\" width=\"32\" height=\"32\" \/><span style=\"color: #000000;\"><a style=\"color: #000000;\" href=\"http:\/\/iszipecs.hu\/wpiszipecs\/wp-content\/uploads\/2023\/06\/Elhelyezes-menete.pdf\">Elhelyez\u00e9s menete<\/a><\/span><\/p>\n<p><img decoding=\"async\" loading=\"lazy\" class=\"alignnone wp-image-249 size-full\" src=\"http:\/\/iszipecs.hu\/wpiszipecs\/wp-content\/uploads\/2016\/06\/page_white_acrobat.png\" alt=\"PDF Dokumentum let\u00f6lt\u00e9se\" width=\"32\" height=\"32\" \/><span style=\"color: #000000;\"><a style=\"color: #000000;\" href=\"http:\/\/iszipecs.hu\/wpiszipecs\/wp-content\/uploads\/2025\/08\/Bekoltozesi-segedlet.pdf\">Bek\u00f6lt\u00f6z\u00e9si seg\u00e9dlet<\/a><\/span><\/p>\n<p><img decoding=\"async\" loading=\"lazy\" class=\"alignnone wp-image-249 size-full\" src=\"http:\/\/iszipecs.hu\/wpiszipecs\/wp-content\/uploads\/2016\/06\/page_white_acrobat.png\" alt=\"PDF Dokumentum let\u00f6lt\u00e9se\" width=\"32\" height=\"32\" \/><span style=\"color: #000000;\"><a style=\"color: #000000;\" href=\"http:\/\/iszipecs.hu\/wpiszipecs\/wp-content\/uploads\/2025\/09\/Teritesi-dij-tajekoztato-2025-10.pdf\">T\u00e9r\u00edt\u00e9si d\u00edj t\u00e1j\u00e9koztat\u00f3 2025<\/a><\/span><\/p>\n<p><img decoding=\"async\" loading=\"lazy\" class=\"alignnone wp-image-249 size-full\" src=\"http:\/\/iszipecs.hu\/wpiszipecs\/wp-content\/uploads\/2016\/06\/page_white_acrobat.png\" alt=\"PDF Dokumentum let\u00f6lt\u00e9se\" width=\"32\" height=\"32\" \/><span style=\"color: #000000;\"><a style=\"color: #000000;\" href=\"http:\/\/iszipecs.hu\/wpiszipecs\/wp-content\/uploads\/2026\/03\/Teritesi-dij-tajekoztato-2026.04.01.pdf\">T\u00e9r\u00edt\u00e9si d\u00edj t\u00e1j\u00e9koztat\u00f3 2026.04.01<\/a><\/span><\/p>\n<p><img decoding=\"async\" loading=\"lazy\" class=\"alignnone wp-image-249 size-full\" src=\"http:\/\/iszipecs.hu\/wpiszipecs\/wp-content\/uploads\/2016\/06\/page_white_acrobat.png\" alt=\"PDF Dokumentum let\u00f6lt\u00e9se\" width=\"32\" height=\"32\" \/><span style=\"color: #000000;\"><a style=\"color: #000000;\" href=\"http:\/\/iszipecs.hu\/wpiszipecs\/wp-content\/uploads\/2026\/03\/Teritesi-dij-tajekoztato-2026.05.01.pdf\">T\u00e9r\u00edt\u00e9si d\u00edj t\u00e1j\u00e9koztat\u00f3 2026.05.01<\/a><\/span><\/p>\n<p><img decoding=\"async\" loading=\"lazy\" class=\"alignnone wp-image-249 size-full\" src=\"http:\/\/iszipecs.hu\/wpiszipecs\/wp-content\/uploads\/2016\/06\/page_white_acrobat.png\" alt=\"PDF Dokumentum let\u00f6lt\u00e9se\" width=\"32\" height=\"32\" \/><span style=\"color: #000000;\"><a style=\"color: #000000;\" href=\"http:\/\/iszipecs.hu\/wpiszipecs\/wp-content\/uploads\/2025\/09\/Tajekoztato-2025.pdf\">T\u00e1j\u00e9koztat\u00f3 &#8211; Id\u0151sek Otthona<\/a><\/span><\/p>\n<p><img decoding=\"async\" loading=\"lazy\" class=\"alignnone wp-image-249 size-full\" src=\"http:\/\/iszipecs.hu\/wpiszipecs\/wp-content\/uploads\/2016\/06\/page_white_acrobat.png\" alt=\"PDF Dokumentum let\u00f6lt\u00e9se\" width=\"32\" height=\"32\" \/><span style=\"color: #000000;\"><a style=\"color: #000000;\" href=\"http:\/\/iszipecs.hu\/wpiszipecs\/wp-content\/uploads\/2026\/04\/Megallapodas-Tervezet-Zipi.pdf\">Meg\u00e1llapod\u00e1s Tervezet Zipernowsky<\/a><\/span><\/p>\n<p><img decoding=\"async\" loading=\"lazy\" class=\"alignnone wp-image-249 size-full\" src=\"http:\/\/iszipecs.hu\/wpiszipecs\/wp-content\/uploads\/2016\/06\/page_white_acrobat.png\" alt=\"PDF Dokumentum let\u00f6lt\u00e9se\" width=\"32\" height=\"32\" \/><span style=\"color: #000000;\"><a style=\"color: #000000;\" href=\"http:\/\/iszipecs.hu\/wpiszipecs\/wp-content\/uploads\/2026\/04\/Megallapodas-Tervezet-Tuzer.pdf\">Meg\u00e1llapod\u00e1s Tervezet T\u00fcz\u00e9r<\/a><\/span><!--more--><\/p>\n","protected":false},"excerpt":{"rendered":"<p>Tisztelt Hozz\u00e1tartoz\u00f3k! Az int\u00e9zm\u00e9nyeinkben lak\u00f3k l\u00e1togat\u00e1sa. L\u00e1togat\u00e1si id\u0151: Zipernowsky K. u. 1 9:00-18:00 T\u00fcz\u00e9r u. 7: 9:00-18:00 Int\u00e9zm\u00e9nyek megtekint\u00e9se: Zipernowsky K. u. [&hellip;]<\/p>\n","protected":false},"author":1,"featured_media":0,"parent":0,"menu_order":0,"comment_status":"closed","ping_status":"closed","template":"","meta":[],"_links":{"self":[{"href":"http:\/\/iszipecs.hu\/wpiszipecs\/index.php?rest_route=\/wp\/v2\/pages\/488"}],"collection":[{"href":"http:\/\/iszipecs.hu\/wpiszipecs\/index.php?rest_route=\/wp\/v2\/pages"}],"about":[{"href":"http:\/\/iszipecs.hu\/wpiszipecs\/index.php?rest_route=\/wp\/v2\/types\/page"}],"author":[{"embeddable":true,"href":"http:\/\/iszipecs.hu\/wpiszipecs\/index.php?rest_route=\/wp\/v2\/users\/1"}],"replies":[{"embeddable":true,"href":"http:\/\/iszipecs.hu\/wpiszipecs\/index.php?rest_route=%2Fwp%2Fv2%2Fcomments&post=488"}],"version-history":[{"count":105,"href":"http:\/\/iszipecs.hu\/wpiszipecs\/index.php?rest_route=\/wp\/v2\/pages\/488\/revisions"}],"predecessor-version":[{"id":1332,"href":"http:\/\/iszipecs.hu\/wpiszipecs\/index.php?rest_route=\/wp\/v2\/pages\/488\/revisions\/1332"}],"wp:attachment":[{"href":"http:\/\/iszipecs.hu\/wpiszipecs\/index.php?rest_route=%2Fwp%2Fv2%2Fmedia&parent=488"}],"curies":[{"name":"wp","href":"https:\/\/api.w.org\/{rel}","templated":true}]}}