{"id":8,"date":"2015-07-14T07:25:36","date_gmt":"2015-07-14T07:25:36","guid":{"rendered":"http:\/\/iszipecs.hu\/wpiszipecs\/?page_id=8"},"modified":"2017-09-28T06:34:39","modified_gmt":"2017-09-28T06:34:39","slug":"galaria","status":"publish","type":"page","link":"http:\/\/iszipecs.hu\/wpiszipecs\/?page_id=8","title":{"rendered":"Gal\u00e9ria"},"content":{"rendered":"<p><a href=\"http:\/\/iszipecs.hu\/wpiszipecs\/?page_id=454\">Int\u00e9zm\u00e9nyeink<\/a><\/p>\n<p><a href=\"http:\/\/iszipecs.hu\/wpiszipecs\/?page_id=456\">Rendezv\u00e9nyeink\/Programjaink<\/a><\/p>\n<p><a href=\"http:\/\/iszipecs.hu\/wpiszipecs\/?page_id=458\">Esem\u00e9nyeink<\/a><\/p>\n","protected":false},"excerpt":{"rendered":"<p>Int\u00e9zm\u00e9nyeink Rendezv\u00e9nyeink\/Programjaink Esem\u00e9nyeink<\/p>\n","protected":false},"author":1,"featured_media":0,"parent":0,"menu_order":3,"comment_status":"closed","ping_status":"closed","template":"","meta":[],"_links":{"self":[{"href":"http:\/\/iszipecs.hu\/wpiszipecs\/index.php?rest_route=\/wp\/v2\/pages\/8"}],"collection":[{"href":"http:\/\/iszipecs.hu\/wpiszipecs\/index.php?rest_route=\/wp\/v2\/pages"}],"about":[{"href":"http:\/\/iszipecs.hu\/wpiszipecs\/index.php?rest_route=\/wp\/v2\/types\/page"}],"author":[{"embeddable":true,"href":"http:\/\/iszipecs.hu\/wpiszipecs\/index.php?rest_route=\/wp\/v2\/users\/1"}],"replies":[{"embeddable":true,"href":"http:\/\/iszipecs.hu\/wpiszipecs\/index.php?rest_route=%2Fwp%2Fv2%2Fcomments&post=8"}],"version-history":[{"count":42,"href":"http:\/\/iszipecs.hu\/wpiszipecs\/index.php?rest_route=\/wp\/v2\/pages\/8\/revisions"}],"predecessor-version":[{"id":466,"href":"http:\/\/iszipecs.hu\/wpiszipecs\/index.php?rest_route=\/wp\/v2\/pages\/8\/revisions\/466"}],"wp:attachment":[{"href":"http:\/\/iszipecs.hu\/wpiszipecs\/index.php?rest_route=%2Fwp%2Fv2%2Fmedia&parent=8"}],"curies":[{"name":"wp","href":"https:\/\/api.w.org\/{rel}","templated":true}]}}